{"id":1585,"date":"2024-07-20T02:48:16","date_gmt":"2024-07-20T02:48:16","guid":{"rendered":"https:\/\/invitemefy.com\/?page_id=1585"},"modified":"2024-07-20T02:49:11","modified_gmt":"2024-07-20T02:49:11","slug":"rsvp-susanajose-cuadruples","status":"publish","type":"page","link":"https:\/\/invitemefy.com\/index.php\/rsvp-susanajose-cuadruples\/","title":{"rendered":"RSVP-Susana&#038;Jose Cu\u00e1druples"},"content":{"rendered":"\t\t<div data-elementor-type=\"wp-page\" data-elementor-id=\"1585\" class=\"elementor elementor-1585\" data-elementor-post-type=\"page\">\n\t\t\t\t<div class=\"elementor-element elementor-element-3ee21cfa e-con-full e-flex e-con e-parent\" data-id=\"3ee21cfa\" data-element_type=\"container\" data-e-type=\"container\" data-settings=\"{&quot;background_background&quot;:&quot;classic&quot;}\">\n\t\t\t\t<div class=\"elementor-element elementor-element-7ac9a97f exad-sticky-section-no exad-glass-effect-no elementor-widget elementor-widget-text-editor\" data-id=\"7ac9a97f\" data-element_type=\"widget\" data-e-type=\"widget\" data-widget_type=\"text-editor.default\">\n\t\t\t\t<div class=\"elementor-widget-container\">\n\t\t\t\t\t\t\t\t\t\t\t\t\t\t\t\t\t<\/div>\n\t\t\t\t<\/div>\n\t\t\t\t<div class=\"elementor-element elementor-element-c9fb99d exad-sticky-section-no exad-glass-effect-no elementor-widget elementor-widget-image\" data-id=\"c9fb99d\" data-element_type=\"widget\" data-e-type=\"widget\" data-widget_type=\"image.default\">\n\t\t\t\t<div class=\"elementor-widget-container\">\n\t\t\t\t\t\t\t\t\t\t\t\t\t\t\t<img width=\"466\" height=\"139\" data-public-id=\"Susana-Jose-copy-1\/Susana-Jose-copy-1.png\" fetchpriority=\"high\" decoding=\"async\" src=\"https:\/\/res.cloudinary.com\/bodafake\/images\/w_466,h_139,c_scale\/f_auto,q_auto\/v1755269731\/Susana-Jose-copy-1\/Susana-Jose-copy-1.png?_i=AA\" class=\"attachment-large size-large wp-post-1585 wp-image-1140\" alt=\"\" data-format=\"png\" data-transformations=\"f_auto,q_auto\" data-version=\"1755269731\" data-seo=\"1\" data-responsive=\"1\" srcset=\"https:\/\/res.cloudinary.com\/bodafake\/images\/w_466,h_139,c_scale\/f_auto,q_auto\/v1755269731\/Susana-Jose-copy-1\/Susana-Jose-copy-1.png?_i=AA 466w, https:\/\/res.cloudinary.com\/bodafake\/images\/w_448,h_133,c_scale\/f_auto,q_auto\/v1755269731\/Susana-Jose-copy-1\/Susana-Jose-copy-1.png?_i=AA 448w, https:\/\/res.cloudinary.com\/bodafake\/images\/w_248,h_73,c_scale\/f_auto,q_auto\/v1755269731\/Susana-Jose-copy-1\/Susana-Jose-copy-1.png?_i=AA 248w\" sizes=\"(max-width: 466px) 100vw, 466px\" \/>\t\t\t\t\t\t\t\t\t\t\t\t\t\t\t<\/div>\n\t\t\t\t<\/div>\n\t\t\t\t<\/div>\n\t\t<div class=\"elementor-element elementor-element-c03dc27 e-con-full e-flex e-con e-parent\" data-id=\"c03dc27\" data-element_type=\"container\" data-e-type=\"container\" data-settings=\"{&quot;background_background&quot;:&quot;classic&quot;}\">\n\t\t\t\t<div class=\"elementor-element elementor-element-6a360b1 exad-sticky-section-no exad-glass-effect-no elementor-widget elementor-widget-heading\" data-id=\"6a360b1\" data-element_type=\"widget\" data-e-type=\"widget\" data-widget_type=\"heading.default\">\n\t\t\t\t<div class=\"elementor-widget-container\">\n\t\t\t\t\t<h2 class=\"elementor-heading-title elementor-size-default\">Confirma tu asistencia<\/h2>\t\t\t\t<\/div>\n\t\t\t\t<\/div>\n\t\t\t\t<\/div>\n\t\t<div class=\"elementor-element elementor-element-93fa3e9 e-flex e-con-boxed e-con e-parent\" data-id=\"93fa3e9\" data-element_type=\"container\" data-e-type=\"container\">\n\t\t\t\t\t<div class=\"e-con-inner\">\n\t\t\t\t<div class=\"elementor-element elementor-element-310a2be exad-sticky-section-no exad-glass-effect-no elementor-widget elementor-widget-wpforms\" data-id=\"310a2be\" data-element_type=\"widget\" data-e-type=\"widget\" data-widget_type=\"wpforms.default\">\n\t\t\t\t<div class=\"elementor-widget-container\">\n\t\t\t\t\t<style id=\"wpforms-css-vars-elementor-widget-310a2be\">\n\t\t\t\t.elementor-widget-wpforms.elementor-element-310a2be {\n\t\t\t\t--wpforms-label-error-color: #5B6F49;\n--wpforms-button-background-color: #dc8c0c;\n--wpforms-field-size-input-height: 50px;\n--wpforms-field-size-input-spacing: 20px;\n--wpforms-field-size-font-size: 18px;\n--wpforms-field-size-line-height: 21px;\n--wpforms-field-size-padding-h: 14px;\n--wpforms-field-size-checkbox-size: 18px;\n--wpforms-field-size-sublabel-spacing: 10px;\n--wpforms-field-size-icon-size: 1.25;\n--wpforms-label-size-font-size: 16px;\n--wpforms-label-size-line-height: 19px;\n--wpforms-label-size-sublabel-font-size: 14px;\n--wpforms-label-size-sublabel-line-height: 17px;\n--wpforms-button-size-font-size: 20px;\n--wpforms-button-size-height: 48px;\n--wpforms-button-size-padding-h: 20px;\n--wpforms-button-size-margin-top: 15px;\n\n\t\t\t}\n\t\t\t<\/style><div class=\"wpforms-container wpforms-container-full wpforms-render-modern\" id=\"wpforms-1533\"><form id=\"wpforms-form-1533\" class=\"wpforms-validate wpforms-form wpforms-ajax-form\" data-formid=\"1533\" method=\"post\" enctype=\"multipart\/form-data\" action=\"\/index.php\/wp-json\/wp\/v2\/pages\/1585\" data-token=\"36c9644bd82f383e6f5835910309ec2d\" data-token-time=\"1777288179\"><noscript class=\"wpforms-error-noscript\">Please enable JavaScript in your browser to complete this form.<\/noscript><div class=\"wpforms-hidden\" id=\"wpforms-error-noscript\">Please enable JavaScript in your browser to complete this form.<\/div><div class=\"wpforms-field-container\"><div id=\"wpforms-1533-field_0-container\" class=\"wpforms-field wpforms-field-name\" data-field-id=\"0\"><fieldset><legend class=\"wpforms-field-label\">Nombre <span class=\"wpforms-required-label\" aria-hidden=\"true\">*<\/span><\/legend><div class=\"wpforms-field-row wpforms-field-large\"><div class=\"wpforms-field-row-block wpforms-first wpforms-one-half\"><input type=\"text\" id=\"wpforms-1533-field_0\" class=\"wpforms-field-name-first wpforms-field-required\" name=\"wpforms[fields][0][first]\" aria-errormessage=\"wpforms-1533-field_0-error\" required><label for=\"wpforms-1533-field_0\" class=\"wpforms-field-sublabel after\">First<\/label><\/div><div class=\"wpforms-field-row-block wpforms-one-half\"><input type=\"text\" id=\"wpforms-1533-field_0-last\" class=\"wpforms-field-name-last wpforms-field-required\" name=\"wpforms[fields][0][last]\" aria-errormessage=\"wpforms-1533-field_0-last-error\" required><label for=\"wpforms-1533-field_0-last\" class=\"wpforms-field-sublabel after\">Last<\/label><\/div><\/div><\/fieldset><\/div><div id=\"wpforms-1533-field_3-container\" class=\"wpforms-field wpforms-field-radio wpforms-conditional-trigger\" data-field-id=\"3\"><fieldset><legend class=\"wpforms-field-label\">\u00bfAsistir\u00e1s a la boda? <span class=\"wpforms-required-label\" aria-hidden=\"true\">*<\/span><\/legend><ul id=\"wpforms-1533-field_3\" class=\"wpforms-field-required\"><li class=\"choice-1 depth-1\"><input type=\"radio\" id=\"wpforms-1533-field_3_1\" name=\"wpforms[fields][3]\" value=\"Si\" aria-errormessage=\"wpforms-1533-field_3_1-error\" required ><label class=\"wpforms-field-label-inline\" for=\"wpforms-1533-field_3_1\">Si<\/label><\/li><li class=\"choice-2 depth-1\"><input type=\"radio\" id=\"wpforms-1533-field_3_2\" name=\"wpforms[fields][3]\" value=\"No\" aria-errormessage=\"wpforms-1533-field_3_2-error\" required ><label class=\"wpforms-field-label-inline\" for=\"wpforms-1533-field_3_2\">No<\/label><\/li><\/ul><\/fieldset><\/div><div id=\"wpforms-1533-field_10-container\" class=\"wpforms-field wpforms-field-name wpforms-conditional-field wpforms-conditional-show\" data-field-id=\"10\" style=\"display:none;\"><fieldset><legend class=\"wpforms-field-label\">Nombre del Acompa\u00f1ante 1 <span class=\"wpforms-required-label\" aria-hidden=\"true\">*<\/span><\/legend><div class=\"wpforms-field-row wpforms-field-large\"><div class=\"wpforms-field-row-block wpforms-first wpforms-one-half\"><input type=\"text\" id=\"wpforms-1533-field_10\" class=\"wpforms-field-name-first wpforms-field-required\" name=\"wpforms[fields][10][first]\" aria-errormessage=\"wpforms-1533-field_10-error\" required><label for=\"wpforms-1533-field_10\" class=\"wpforms-field-sublabel after\">First<\/label><\/div><div class=\"wpforms-field-row-block wpforms-one-half\"><input type=\"text\" id=\"wpforms-1533-field_10-last\" class=\"wpforms-field-name-last wpforms-field-required\" name=\"wpforms[fields][10][last]\" aria-errormessage=\"wpforms-1533-field_10-last-error\" required><label for=\"wpforms-1533-field_10-last\" class=\"wpforms-field-sublabel after\">Last<\/label><\/div><\/div><\/fieldset><\/div><div id=\"wpforms-1533-field_11-container\" class=\"wpforms-field wpforms-field-name wpforms-conditional-field wpforms-conditional-show\" data-field-id=\"11\" style=\"display:none;\"><fieldset><legend class=\"wpforms-field-label\">Nombre del Acompa\u00f1ante 2 <span class=\"wpforms-required-label\" aria-hidden=\"true\">*<\/span><\/legend><div class=\"wpforms-field-row wpforms-field-large\"><div class=\"wpforms-field-row-block wpforms-first wpforms-one-half\"><input type=\"text\" id=\"wpforms-1533-field_11\" class=\"wpforms-field-name-first wpforms-field-required\" name=\"wpforms[fields][11][first]\" aria-errormessage=\"wpforms-1533-field_11-error\" required><label for=\"wpforms-1533-field_11\" class=\"wpforms-field-sublabel after\">First<\/label><\/div><div class=\"wpforms-field-row-block wpforms-one-half\"><input type=\"text\" id=\"wpforms-1533-field_11-last\" class=\"wpforms-field-name-last wpforms-field-required\" name=\"wpforms[fields][11][last]\" aria-errormessage=\"wpforms-1533-field_11-last-error\" required><label for=\"wpforms-1533-field_11-last\" class=\"wpforms-field-sublabel after\">Last<\/label><\/div><\/div><\/fieldset><\/div><div id=\"wpforms-1533-field_12-container\" class=\"wpforms-field wpforms-field-name wpforms-conditional-field wpforms-conditional-show\" data-field-id=\"12\" style=\"display:none;\"><fieldset><legend class=\"wpforms-field-label\">Nombre del Acompa\u00f1ante 3 <span class=\"wpforms-required-label\" aria-hidden=\"true\">*<\/span><\/legend><div class=\"wpforms-field-row wpforms-field-large\"><div class=\"wpforms-field-row-block wpforms-first wpforms-one-half\"><input type=\"text\" id=\"wpforms-1533-field_12\" class=\"wpforms-field-name-first wpforms-field-required\" name=\"wpforms[fields][12][first]\" aria-errormessage=\"wpforms-1533-field_12-error\" required><label for=\"wpforms-1533-field_12\" class=\"wpforms-field-sublabel after\">First<\/label><\/div><div class=\"wpforms-field-row-block wpforms-one-half\"><input type=\"text\" id=\"wpforms-1533-field_12-last\" class=\"wpforms-field-name-last wpforms-field-required\" name=\"wpforms[fields][12][last]\" aria-errormessage=\"wpforms-1533-field_12-last-error\" required><label for=\"wpforms-1533-field_12-last\" class=\"wpforms-field-sublabel after\">Last<\/label><\/div><\/div><\/fieldset><\/div><div id=\"wpforms-1533-field_1-container\" class=\"wpforms-field wpforms-field-email\" data-field-id=\"1\"><label class=\"wpforms-field-label\" for=\"wpforms-1533-field_1\">Email <span class=\"wpforms-required-label\" aria-hidden=\"true\">*<\/span><\/label><input type=\"email\" id=\"wpforms-1533-field_1\" class=\"wpforms-field-medium wpforms-field-required\" name=\"wpforms[fields][1]\" spellcheck=\"false\" aria-errormessage=\"wpforms-1533-field_1-error\" required><\/div><div id=\"wpforms-1533-field_8-container\" class=\"wpforms-field wpforms-field-phone\" data-field-id=\"8\"><label class=\"wpforms-field-label\" for=\"wpforms-1533-field_8\">WhatsApp<\/label><input type=\"tel\" id=\"wpforms-1533-field_8\" class=\"wpforms-field-medium wpforms-smart-phone-field\" data-rule-smart-phone-field=\"true\" name=\"wpforms[fields][8]\" aria-label=\"WhatsApp\" aria-errormessage=\"wpforms-1533-field_8-error\" ><\/div><div id=\"wpforms-1533-field_9-container\" class=\"wpforms-field wpforms-field-radio\" data-field-id=\"9\"><fieldset><legend class=\"wpforms-field-label\">\u00bfAsistir\u00e1s a la Tornaboda?  <span class=\"wpforms-required-label\" aria-hidden=\"true\">*<\/span><\/legend><ul id=\"wpforms-1533-field_9\" class=\"wpforms-field-required\"><li class=\"choice-1 depth-1\"><input type=\"radio\" id=\"wpforms-1533-field_9_1\" name=\"wpforms[fields][9]\" value=\"Si\" aria-errormessage=\"wpforms-1533-field_9_1-error\" required ><label class=\"wpforms-field-label-inline\" for=\"wpforms-1533-field_9_1\">Si<\/label><\/li><li class=\"choice-2 depth-1\"><input type=\"radio\" id=\"wpforms-1533-field_9_2\" name=\"wpforms[fields][9]\" value=\"No\" aria-errormessage=\"wpforms-1533-field_9_2-error\" required ><label class=\"wpforms-field-label-inline\" for=\"wpforms-1533-field_9_2\">No<\/label><\/li><\/ul><\/fieldset><\/div><div id=\"wpforms-1533-field_2-container\" class=\"wpforms-field wpforms-field-textarea\" data-field-id=\"2\"><label class=\"wpforms-field-label\" for=\"wpforms-1533-field_2\">Comentario o Mensaje<\/label><textarea id=\"wpforms-1533-field_2\" class=\"wpforms-field-medium\" name=\"wpforms[fields][2]\" aria-errormessage=\"wpforms-1533-field_2-error\" ><\/textarea><\/div><\/div><!-- .wpforms-field-container --><div class=\"wpforms-submit-container\" ><input type=\"hidden\" name=\"wpforms[id]\" value=\"1533\"><input type=\"hidden\" name=\"page_title\" value=\"\"><input type=\"hidden\" name=\"page_url\" value=\"https:\/\/invitemefy.com\/index.php\/wp-json\/wp\/v2\/pages\/1585\"><button type=\"submit\" name=\"wpforms[submit]\" id=\"wpforms-submit-1533\" class=\"wpforms-submit  Estilo para el botn de envo  envio-btn  background-color DC8200 Color fondo color fff del texto border none Elimina borde padding 10px 20px Espacio interno border-radius 5px Borde redondeado cursor pointer Cambia cursor al pasar sobre  cuando se pasa l envio-btnhover ae6e00 color\" data-alt-text=\"Enviando...\" data-submit-text=\"Enviar\" aria-live=\"assertive\" value=\"wpforms-submit\">Enviar<\/button><img decoding=\"async\" src=\"https:\/\/invitemefy.com\/wp-content\/plugins\/wpforms\/assets\/images\/submit-spin.svg\" class=\"wpforms-submit-spinner\" style=\"display: none;\" width=\"26\" height=\"26\" alt=\"Loading\"><\/div><\/form><\/div>  <!-- .wpforms-container -->\t\t\t\t<\/div>\n\t\t\t\t<\/div>\n\t\t\t\t\t<\/div>\n\t\t\t\t<\/div>\n\t\t<div class=\"elementor-element elementor-element-b491c3e e-flex e-con-boxed e-con e-parent\" data-id=\"b491c3e\" data-element_type=\"container\" data-e-type=\"container\" data-settings=\"{&quot;background_background&quot;:&quot;classic&quot;}\">\n\t\t\t\t\t<div class=\"e-con-inner\">\n\t\t\t\t\t<\/div>\n\t\t\t\t<\/div>\n\t\t\t\t<\/div>\n\t\t","protected":false},"excerpt":{"rendered":"<p>Confirma tu asistencia Please enable JavaScript in your browser to complete this form.Please enable JavaScript in your browser to complete this form. Nombre * FirstLast \u00bfAsistir\u00e1s a la boda? * Si No Nombre del Acompa\u00f1ante 1 * FirstLast Nombre del Acompa\u00f1ante 2 * FirstLast Nombre del Acompa\u00f1ante 3 * FirstLast Email *WhatsApp \u00bfAsistir\u00e1s a la [&hellip;]<\/p>\n","protected":false},"author":1,"featured_media":425,"parent":0,"menu_order":0,"comment_status":"closed","ping_status":"closed","template":"elementor_canvas","meta":{"om_disable_all_campaigns":false,"_monsterinsights_skip_tracking":false,"_monsterinsights_sitenote_active":false,"_monsterinsights_sitenote_note":"","_monsterinsights_sitenote_category":0,"_view_id":"","_cloudinary_featured_overwrite":false,"footnotes":""},"class_list":["post-1585","page","type-page","status-publish","has-post-thumbnail","hentry"],"aioseo_notices":[],"jetpack_sharing_enabled":true,"_links":{"self":[{"href":"https:\/\/invitemefy.com\/index.php\/wp-json\/wp\/v2\/pages\/1585","targetHints":{"allow":["GET"]}}],"collection":[{"href":"https:\/\/invitemefy.com\/index.php\/wp-json\/wp\/v2\/pages"}],"about":[{"href":"https:\/\/invitemefy.com\/index.php\/wp-json\/wp\/v2\/types\/page"}],"author":[{"embeddable":true,"href":"https:\/\/invitemefy.com\/index.php\/wp-json\/wp\/v2\/users\/1"}],"replies":[{"embeddable":true,"href":"https:\/\/invitemefy.com\/index.php\/wp-json\/wp\/v2\/comments?post=1585"}],"version-history":[{"count":8,"href":"https:\/\/invitemefy.com\/index.php\/wp-json\/wp\/v2\/pages\/1585\/revisions"}],"predecessor-version":[{"id":1593,"href":"https:\/\/invitemefy.com\/index.php\/wp-json\/wp\/v2\/pages\/1585\/revisions\/1593"}],"wp:featuredmedia":[{"embeddable":true,"href":"https:\/\/invitemefy.com\/index.php\/wp-json\/wp\/v2\/media\/425"}],"wp:attachment":[{"href":"https:\/\/invitemefy.com\/index.php\/wp-json\/wp\/v2\/media?parent=1585"}],"curies":[{"name":"wp","href":"https:\/\/api.w.org\/{rel}","templated":true}]}}