{"id":4908,"date":"2025-07-29T23:09:31","date_gmt":"2025-07-29T23:09:31","guid":{"rendered":"https:\/\/invitemefy.com\/?page_id=4908"},"modified":"2025-07-30T00:21:19","modified_gmt":"2025-07-30T00:21:19","slug":"melancolia-del-atardecer-adc","status":"publish","type":"page","link":"https:\/\/invitemefy.com\/index.php\/melancolia-del-atardecer-adc\/","title":{"rendered":"MELANCOLIA DEL ATARDECER | ADC"},"content":{"rendered":"\t\t<div data-elementor-type=\"wp-page\" data-elementor-id=\"4908\" class=\"elementor elementor-4908\" data-elementor-post-type=\"page\">\n\t\t\t\t<div class=\"elementor-element elementor-element-75d5a15 e-flex e-con-boxed e-con e-parent\" data-id=\"75d5a15\" data-element_type=\"container\" data-e-type=\"container\" data-settings=\"{&quot;background_background&quot;:&quot;classic&quot;,&quot;shape_divider_bottom&quot;:&quot;opacity-fan&quot;}\">\n\t\t\t\t\t<div class=\"e-con-inner\">\n\t\t\t\t<div class=\"elementor-shape elementor-shape-bottom\" aria-hidden=\"true\" data-negative=\"false\">\n\t\t\t<svg xmlns=\"http:\/\/www.w3.org\/2000\/svg\" viewBox=\"0 0 283.5 19.6\" preserveAspectRatio=\"none\">\n\t<path class=\"elementor-shape-fill\" style=\"opacity:0.33\" d=\"M0 0L0 18.8 141.8 4.1 283.5 18.8 283.5 0z\"\/>\n\t<path class=\"elementor-shape-fill\" style=\"opacity:0.33\" d=\"M0 0L0 12.6 141.8 4 283.5 12.6 283.5 0z\"\/>\n\t<path class=\"elementor-shape-fill\" style=\"opacity:0.33\" d=\"M0 0L0 6.4 141.8 4 283.5 6.4 283.5 0z\"\/>\n\t<path class=\"elementor-shape-fill\" d=\"M0 0L0 1.2 141.8 4 283.5 1.2 283.5 0z\"\/>\n<\/svg>\t\t<\/div>\n\t\t\t\t<div class=\"elementor-element elementor-element-42ee3a0 exad-sticky-section-no exad-glass-effect-no elementor-widget elementor-widget-spacer\" data-id=\"42ee3a0\" data-element_type=\"widget\" data-e-type=\"widget\" data-widget_type=\"spacer.default\">\n\t\t\t\t<div class=\"elementor-widget-container\">\n\t\t\t\t\t\t\t<div class=\"elementor-spacer\">\n\t\t\t<div class=\"elementor-spacer-inner\"><\/div>\n\t\t<\/div>\n\t\t\t\t\t\t<\/div>\n\t\t\t\t<\/div>\n\t\t\t\t<div class=\"elementor-element elementor-element-c48dd9e elementor-hidden-mobile exad-sticky-section-no exad-glass-effect-no elementor-widget elementor-widget-image\" data-id=\"c48dd9e\" data-element_type=\"widget\" data-e-type=\"widget\" data-widget_type=\"image.default\">\n\t\t\t\t<div class=\"elementor-widget-container\">\n\t\t\t\t\t\t\t\t\t\t\t\t\t\t\t<img width=\"376\" height=\"178\" fetchpriority=\"high\" decoding=\"async\" src=\"data:image\/svg+xml;base64,PHN2ZyB4bWxucz0iaHR0cDovL3d3dy53My5vcmcvMjAwMC9zdmciIHdpZHRoPSIzNzYiIGhlaWdodD0iMTc4Ij48cmVjdCB3aWR0aD0iMTAwJSIgaGVpZ2h0PSIxMDAlIj48YW5pbWF0ZSBhdHRyaWJ1dGVOYW1lPSJmaWxsIiB2YWx1ZXM9InJnYmEoMTUzLDE1MywxNTMsMC41KTtyZ2JhKDE1MywxNTMsMTUzLDAuMSk7cmdiYSgxNTMsMTUzLDE1MywwLjUpIiBkdXI9IjJzIiByZXBlYXRDb3VudD0iaW5kZWZpbml0ZSIgLz48L3JlY3Q+PC9zdmc+\" class=\"attachment-large size-large wp-post-4908 wp-image-4914\" alt=\"\" data-public-id=\"LOGOTIPO-A-TRAVES-DEL-CRISTAL-1\/LOGOTIPO-A-TRAVES-DEL-CRISTAL-1.png\" data-format=\"png\" data-transformations=\"f_auto,q_auto\" data-version=\"1755104250\" data-seo=\"1\" data-responsive=\"1\" data-size=\"376 178\" data-delivery=\"upload\" onload=\";window.CLDBind?CLDBind(this):null;\" data-cloudinary=\"lazy\" \/>\t\t\t\t\t\t\t\t\t\t\t\t\t\t\t<\/div>\n\t\t\t\t<\/div>\n\t\t\t\t<div class=\"elementor-element elementor-element-a41d0c4 elementor-hidden-desktop elementor-hidden-tablet exad-sticky-section-no exad-glass-effect-no elementor-widget elementor-widget-image\" data-id=\"a41d0c4\" data-element_type=\"widget\" data-e-type=\"widget\" data-widget_type=\"image.default\">\n\t\t\t\t<div class=\"elementor-widget-container\">\n\t\t\t\t\t\t\t\t\t\t\t\t\t\t\t<img width=\"376\" height=\"178\" fetchpriority=\"high\" decoding=\"async\" src=\"data:image\/svg+xml;base64,PHN2ZyB4bWxucz0iaHR0cDovL3d3dy53My5vcmcvMjAwMC9zdmciIHdpZHRoPSIzNzYiIGhlaWdodD0iMTc4Ij48cmVjdCB3aWR0aD0iMTAwJSIgaGVpZ2h0PSIxMDAlIj48YW5pbWF0ZSBhdHRyaWJ1dGVOYW1lPSJmaWxsIiB2YWx1ZXM9InJnYmEoMTUzLDE1MywxNTMsMC41KTtyZ2JhKDE1MywxNTMsMTUzLDAuMSk7cmdiYSgxNTMsMTUzLDE1MywwLjUpIiBkdXI9IjJzIiByZXBlYXRDb3VudD0iaW5kZWZpbml0ZSIgLz48L3JlY3Q+PC9zdmc+\" class=\"attachment-large size-large wp-post-4908 wp-image-4914\" alt=\"\" data-public-id=\"LOGOTIPO-A-TRAVES-DEL-CRISTAL-1\/LOGOTIPO-A-TRAVES-DEL-CRISTAL-1.png\" data-format=\"png\" data-transformations=\"f_auto,q_auto\" data-version=\"1755104250\" data-seo=\"1\" data-responsive=\"1\" data-size=\"376 178\" data-delivery=\"upload\" onload=\";window.CLDBind?CLDBind(this):null;\" data-cloudinary=\"lazy\" \/>\t\t\t\t\t\t\t\t\t\t\t\t\t\t\t<\/div>\n\t\t\t\t<\/div>\n\t\t\t\t<div class=\"elementor-element elementor-element-cebb1bc exad-sticky-section-no exad-glass-effect-no elementor-widget elementor-widget-heading\" data-id=\"cebb1bc\" data-element_type=\"widget\" data-e-type=\"widget\" data-widget_type=\"heading.default\">\n\t\t\t\t<div class=\"elementor-widget-container\">\n\t\t\t\t\t<h2 class=\"elementor-heading-title elementor-size-default\">Dr. Sergio Navarrete Pe\u00f1a<\/h2>\t\t\t\t<\/div>\n\t\t\t\t<\/div>\n\t\t\t\t<div class=\"elementor-element elementor-element-d2a0c16 exad-sticky-section-no exad-glass-effect-no elementor-widget elementor-widget-spacer\" data-id=\"d2a0c16\" data-element_type=\"widget\" data-e-type=\"widget\" data-widget_type=\"spacer.default\">\n\t\t\t\t<div class=\"elementor-widget-container\">\n\t\t\t\t\t\t\t<div class=\"elementor-spacer\">\n\t\t\t<div class=\"elementor-spacer-inner\"><\/div>\n\t\t<\/div>\n\t\t\t\t\t\t<\/div>\n\t\t\t\t<\/div>\n\t\t\t\t\t<\/div>\n\t\t\t\t<\/div>\n\t\t<div class=\"elementor-element elementor-element-325d16f e-flex e-con-boxed e-con e-parent\" data-id=\"325d16f\" data-element_type=\"container\" data-e-type=\"container\">\n\t\t\t\t\t<div class=\"e-con-inner\">\n\t\t\t\t<div class=\"elementor-element elementor-element-655cd7c exad-sticky-section-no exad-glass-effect-no elementor-widget elementor-widget-image-box\" data-id=\"655cd7c\" data-element_type=\"widget\" data-e-type=\"widget\" data-widget_type=\"image-box.default\">\n\t\t\t\t<div class=\"elementor-widget-container\">\n\t\t\t\t\t<div class=\"elementor-image-box-wrapper\"><div class=\"elementor-image-box-content\"><h3 class=\"elementor-image-box-title\">Espejo del Alma<\/h3><\/div><\/div>\t\t\t\t<\/div>\n\t\t\t\t<\/div>\n\t\t\t\t<div class=\"exad-link-anything-wrapper elementor-element elementor-element-c3f39da exad-sticky-section-no exad-glass-effect-no elementor-widget elementor-widget-image\" data-exad-element-link=\"{&quot;url&quot;:&quot;http:\\\/\\\/invitemefy.com\\\/wp-content\\\/uploads\\\/2025\\\/07\\\/Espejo-del-Alma.png&quot;,&quot;is_external&quot;:&quot;&quot;,&quot;nofollow&quot;:&quot;on&quot;,&quot;custom_attributes&quot;:&quot;&quot;}\" style=\"cursor: pointer\" data-id=\"c3f39da\" data-element_type=\"widget\" data-e-type=\"widget\" data-widget_type=\"image.default\">\n\t\t\t\t<div class=\"elementor-widget-container\">\n\t\t\t\t\t\t\t\t\t\t\t\t\t\t\t<img width=\"683\" height=\"1024\" decoding=\"async\" src=\"data:image\/svg+xml;base64,PHN2ZyB4bWxucz0iaHR0cDovL3d3dy53My5vcmcvMjAwMC9zdmciIHdpZHRoPSI2ODMiIGhlaWdodD0iMTAyNCI+PHJlY3Qgd2lkdGg9IjEwMCUiIGhlaWdodD0iMTAwJSI+PGFuaW1hdGUgYXR0cmlidXRlTmFtZT0iZmlsbCIgdmFsdWVzPSJyZ2JhKDE1MywxNTMsMTUzLDAuNSk7cmdiYSgxNTMsMTUzLDE1MywwLjEpO3JnYmEoMTUzLDE1MywxNTMsMC41KSIgZHVyPSIycyIgcmVwZWF0Q291bnQ9ImluZGVmaW5pdGUiIC8+PC9yZWN0Pjwvc3ZnPg==\" class=\"attachment-large size-large wp-post-4908 wp-image-4910\" alt=\"\" data-public-id=\"Espejo-del-Alma\/Espejo-del-Alma.png\" data-format=\"png\" data-transformations=\"f_auto,q_auto\" data-version=\"1755104262\" data-seo=\"1\" data-responsive=\"1\" data-size=\"683 1024\" data-delivery=\"upload\" onload=\";window.CLDBind?CLDBind(this):null;\" data-cloudinary=\"lazy\" \/>\t\t\t\t\t\t\t\t\t\t\t\t\t\t\t<\/div>\n\t\t\t\t<\/div>\n\t\t\t\t\t<\/div>\n\t\t\t\t<\/div>\n\t\t<div class=\"elementor-element elementor-element-c0aed84 e-flex e-con-boxed e-con e-parent\" data-id=\"c0aed84\" data-element_type=\"container\" data-e-type=\"container\">\n\t\t\t\t\t<div class=\"e-con-inner\">\n\t\t<div class=\"elementor-element elementor-element-e9cba7f e-con-full elementor-hidden-mobile e-flex e-con e-child\" data-id=\"e9cba7f\" data-element_type=\"container\" data-e-type=\"container\">\n\t\t\t\t<\/div>\n\t\t<div class=\"elementor-element elementor-element-47023f5 e-con-full e-flex e-con e-child\" data-id=\"47023f5\" data-element_type=\"container\" data-e-type=\"container\">\n\t\t\t\t<div class=\"elementor-element elementor-element-97be6d6 elementor-widget__width-initial exad-sticky-section-no exad-glass-effect-no elementor-widget elementor-widget-text-editor\" data-id=\"97be6d6\" data-element_type=\"widget\" data-e-type=\"widget\" data-widget_type=\"text-editor.default\">\n\t\t\t\t<div class=\"elementor-widget-container\">\n\t\t\t\t\t\t\t\t\t<p style=\"text-align: center;\">Mujer (Shivti) de perfil, mirando a trav\u00e9s de una ventana empa\u00f1ada con reflejos distorsionados. Paisaje oto\u00f1al desenfocado (hojas ocres y amarillas). Luz c\u00e1lida de atardecer, expresi\u00f3n melanc\u00f3lica. Realismo pict\u00f3rico.<\/p>\t\t\t\t\t\t\t\t<\/div>\n\t\t\t\t<\/div>\n\t\t\t\t<\/div>\n\t\t<div class=\"elementor-element elementor-element-c45f06f e-con-full elementor-hidden-mobile e-flex e-con e-child\" data-id=\"c45f06f\" data-element_type=\"container\" data-e-type=\"container\">\n\t\t\t\t<\/div>\n\t\t\t\t\t<\/div>\n\t\t\t\t<\/div>\n\t\t<div class=\"elementor-element elementor-element-0c00319 e-flex e-con-boxed e-con e-parent\" data-id=\"0c00319\" data-element_type=\"container\" data-e-type=\"container\">\n\t\t\t\t\t<div class=\"e-con-inner\">\n\t\t<div class=\"elementor-element elementor-element-39e9a73 e-grid e-con-full e-con e-child\" data-id=\"39e9a73\" data-element_type=\"container\" data-e-type=\"container\">\n\t\t\t\t<div class=\"elementor-element elementor-element-757600b exad-sticky-section-no exad-glass-effect-no elementor-widget elementor-widget-spacer\" data-id=\"757600b\" data-element_type=\"widget\" data-e-type=\"widget\" data-widget_type=\"spacer.default\">\n\t\t\t\t<div class=\"elementor-widget-container\">\n\t\t\t\t\t\t\t<div class=\"elementor-spacer\">\n\t\t\t<div class=\"elementor-spacer-inner\"><\/div>\n\t\t<\/div>\n\t\t\t\t\t\t<\/div>\n\t\t\t\t<\/div>\n\t\t\t\t<div class=\"elementor-element elementor-element-407ad73 elementor-align-center exad-sticky-section-no exad-glass-effect-no elementor-widget elementor-widget-button\" data-id=\"407ad73\" data-element_type=\"widget\" data-e-type=\"widget\" data-widget_type=\"button.default\">\n\t\t\t\t<div class=\"elementor-widget-container\">\n\t\t\t\t\t\t\t\t\t<div class=\"elementor-button-wrapper\">\n\t\t\t\t\t<a class=\"elementor-button elementor-button-link elementor-size-sm\" href=\"#\">\n\t\t\t\t\t\t<span class=\"elementor-button-content-wrapper\">\n\t\t\t\t\t\t\t\t\t<span class=\"elementor-button-text\">Anterior<\/span>\n\t\t\t\t\t<\/span>\n\t\t\t\t\t<\/a>\n\t\t\t\t<\/div>\n\t\t\t\t\t\t\t\t<\/div>\n\t\t\t\t<\/div>\n\t\t\t\t<div class=\"exad-link-anything-wrapper elementor-element elementor-element-a309a8e elementor-align-center exad-sticky-section-no exad-glass-effect-no elementor-widget elementor-widget-button\" data-exad-element-link=\"{&quot;url&quot;:&quot;https:\\\/\\\/a.co\\\/d\\\/ihtURNY&quot;,&quot;is_external&quot;:&quot;&quot;,&quot;nofollow&quot;:&quot;&quot;,&quot;custom_attributes&quot;:&quot;&quot;}\" style=\"cursor: pointer\" data-id=\"a309a8e\" data-element_type=\"widget\" data-e-type=\"widget\" data-widget_type=\"button.default\">\n\t\t\t\t<div class=\"elementor-widget-container\">\n\t\t\t\t\t\t\t\t\t<div class=\"elementor-button-wrapper\">\n\t\t\t\t\t<a class=\"elementor-button elementor-button-link elementor-size-sm\" href=\"https:\/\/a.co\/d\/ihtURNY\">\n\t\t\t\t\t\t<span class=\"elementor-button-content-wrapper\">\n\t\t\t\t\t\t\t\t\t<span class=\"elementor-button-text\">Comprar Ebook<\/span>\n\t\t\t\t\t<\/span>\n\t\t\t\t\t<\/a>\n\t\t\t\t<\/div>\n\t\t\t\t\t\t\t\t<\/div>\n\t\t\t\t<\/div>\n\t\t\t\t<div class=\"elementor-element elementor-element-ead8b52 elementor-align-center exad-sticky-section-no exad-glass-effect-no elementor-widget elementor-widget-button\" data-id=\"ead8b52\" data-element_type=\"widget\" data-e-type=\"widget\" data-widget_type=\"button.default\">\n\t\t\t\t<div class=\"elementor-widget-container\">\n\t\t\t\t\t\t\t\t\t<div class=\"elementor-button-wrapper\">\n\t\t\t\t\t<a class=\"elementor-button elementor-button-link elementor-size-sm\" href=\"#\">\n\t\t\t\t\t\t<span class=\"elementor-button-content-wrapper\">\n\t\t\t\t\t\t\t\t\t<span class=\"elementor-button-text\">Siguiente<\/span>\n\t\t\t\t\t<\/span>\n\t\t\t\t\t<\/a>\n\t\t\t\t<\/div>\n\t\t\t\t\t\t\t\t<\/div>\n\t\t\t\t<\/div>\n\t\t\t\t<div class=\"elementor-element elementor-element-61f1cbb exad-sticky-section-no exad-glass-effect-no elementor-widget elementor-widget-spacer\" data-id=\"61f1cbb\" data-element_type=\"widget\" data-e-type=\"widget\" data-widget_type=\"spacer.default\">\n\t\t\t\t<div class=\"elementor-widget-container\">\n\t\t\t\t\t\t\t<div class=\"elementor-spacer\">\n\t\t\t<div class=\"elementor-spacer-inner\"><\/div>\n\t\t<\/div>\n\t\t\t\t\t\t<\/div>\n\t\t\t\t<\/div>\n\t\t\t\t<\/div>\n\t\t\t\t\t<\/div>\n\t\t\t\t<\/div>\n\t\t<div class=\"elementor-element elementor-element-dbd8209 e-flex e-con-boxed e-con e-parent\" data-id=\"dbd8209\" data-element_type=\"container\" data-e-type=\"container\">\n\t\t\t\t\t<div class=\"e-con-inner\">\n\t\t\t\t<div class=\"elementor-element elementor-element-bf0f6f9 exad-sticky-section-no exad-glass-effect-no elementor-widget elementor-widget-spacer\" data-id=\"bf0f6f9\" data-element_type=\"widget\" data-e-type=\"widget\" data-widget_type=\"spacer.default\">\n\t\t\t\t<div class=\"elementor-widget-container\">\n\t\t\t\t\t\t\t<div class=\"elementor-spacer\">\n\t\t\t<div class=\"elementor-spacer-inner\"><\/div>\n\t\t<\/div>\n\t\t\t\t\t\t<\/div>\n\t\t\t\t<\/div>\n\t\t\t\t\t<\/div>\n\t\t\t\t<\/div>\n\t\t<div class=\"elementor-element elementor-element-9c735af e-con-full e-flex e-con e-parent\" data-id=\"9c735af\" data-element_type=\"container\" data-e-type=\"container\" data-settings=\"{&quot;background_background&quot;:&quot;classic&quot;}\">\n\t\t<div class=\"elementor-element elementor-element-c306dc8 e-con-full e-flex e-con e-child\" data-id=\"c306dc8\" data-element_type=\"container\" data-e-type=\"container\" data-settings=\"{&quot;background_background&quot;:&quot;classic&quot;}\">\n\t\t\t\t<div class=\"elementor-element elementor-element-b2c8d1d exad-sticky-section-no exad-glass-effect-no elementor-widget elementor-widget-image\" data-id=\"b2c8d1d\" data-element_type=\"widget\" data-e-type=\"widget\" data-widget_type=\"image.default\">\n\t\t\t\t<div class=\"elementor-widget-container\">\n\t\t\t\t\t\t\t\t\t\t\t\t\t\t\t<img width=\"224\" height=\"48\" decoding=\"async\" src=\"data:image\/svg+xml;base64,PHN2ZyB4bWxucz0iaHR0cDovL3d3dy53My5vcmcvMjAwMC9zdmciIHdpZHRoPSIyMjQiIGhlaWdodD0iNDgiPjxyZWN0IHdpZHRoPSIxMDAlIiBoZWlnaHQ9IjEwMCUiPjxhbmltYXRlIGF0dHJpYnV0ZU5hbWU9ImZpbGwiIHZhbHVlcz0icmdiYSgxNTMsMTUzLDE1MywwLjUpO3JnYmEoMTUzLDE1MywxNTMsMC4xKTtyZ2JhKDE1MywxNTMsMTUzLDAuNSkiIGR1cj0iMnMiIHJlcGVhdENvdW50PSJpbmRlZmluaXRlIiAvPjwvcmVjdD48L3N2Zz4=\" class=\"attachment-large size-large wp-post-4908 wp-image-4912\" alt=\"\" data-public-id=\"LOGOTIPO-EDITORIAL-UGIVME\/LOGOTIPO-EDITORIAL-UGIVME.png\" data-format=\"png\" data-transformations=\"f_auto,q_auto\" data-version=\"1755104257\" data-seo=\"1\" data-responsive=\"1\" data-size=\"224 48\" data-delivery=\"upload\" onload=\";window.CLDBind?CLDBind(this):null;\" data-cloudinary=\"lazy\" \/>\t\t\t\t\t\t\t\t\t\t\t\t\t\t\t<\/div>\n\t\t\t\t<\/div>\n\t\t\t\t<div class=\"elementor-element elementor-element-4ab5a47 exad-sticky-section-no exad-glass-effect-no elementor-widget elementor-widget-html\" data-id=\"4ab5a47\" data-element_type=\"widget\" data-e-type=\"widget\" data-widget_type=\"html.default\">\n\t\t\t\t<div class=\"elementor-widget-container\">\n\t\t\t\t\t<!DOCTYPE html>\r\n<html lang=\"es\">\r\n<head>\r\n    <meta charset=\"UTF-8\">\r\n    <meta name=\"viewport\" content=\"width=device-width, initial-scale=1.0\">\r\n    <title>Reproductor de Audio Discreto<\/title>\r\n    <style>\r\n        \/* Estilos m\u00ednimos para el bot\u00f3n flotante *\/\r\n        .audio-player-hidden {\r\n            position: fixed;\r\n            bottom: 20px;\r\n            right: 20px;\r\n            z-index: 9999;\r\n        }\r\n        \r\n        .mute-button {\r\n            width: 50px;\r\n            height: 50px;\r\n            background: rgba(30, 30, 30, 0.85);\r\n            border: none;\r\n            border-radius: 50%;\r\n            cursor: pointer;\r\n            display: flex;\r\n            align-items: center;\r\n            justify-content: center;\r\n            padding: 0;\r\n            transition: all 0.3s ease;\r\n            box-shadow: 0 4px 10px rgba(0, 0, 0, 0.3);\r\n            opacity: 0.7;\r\n        }\r\n        \r\n        .mute-button:hover {\r\n            opacity: 1;\r\n            transform: scale(1.05);\r\n            background: rgba(40, 40, 40, 0.95);\r\n        }\r\n        \r\n        .mute-button.muted {\r\n            background: rgba(80, 30, 30, 0.85);\r\n        }\r\n        \r\n        .mute-button svg {\r\n            width: 24px;\r\n            height: 24px;\r\n            color: #fff;\r\n        }\r\n        \r\n        .mute-button.muted svg {\r\n            color: #ff6b6b;\r\n        }\r\n        \r\n        @media (max-width: 768px) {\r\n            .mute-button {\r\n                width: 45px;\r\n                height: 45px;\r\n                bottom: 15px;\r\n                right: 15px;\r\n            }\r\n        }\r\n    <\/style>\r\n<\/head>\r\n<body>\r\n    <!-- Solo el reproductor de audio y el bot\u00f3n flotante -->\r\n    <div class=\"audio-player-hidden\">\r\n        <audio id=\"bgMusic\" loop>\r\n            <source src=\"http:\/\/invitemefy.com\/wp-content\/uploads\/2025\/07\/AUDIOGUIA-MELANCOLIA-DEL-ATARDECER-A-TRAVES-DEL-CRISTAL-2025.mp3\" type=\"audio\/mpeg\">\r\n        <\/audio>\r\n        \r\n        <button id=\"muteBtn\" class=\"mute-button\" aria-label=\"Control de audio\">\r\n            <svg xmlns=\"http:\/\/www.w3.org\/2000\/svg\" width=\"24\" height=\"24\" viewBox=\"0 0 24 24\" fill=\"none\" stroke=\"currentColor\" stroke-width=\"2\" stroke-linecap=\"round\" stroke-linejoin=\"round\">\r\n                <polygon points=\"11 5 6 9 2 9 2 15 6 15 11 19 11 5\"><\/polygon>\r\n                <path d=\"M15.54 8.46a5 5 0 0 1 0 7.07\"><\/path>\r\n                <path d=\"M19.07 4.93a10 10 0 0 1 0 14.14\"><\/path>\r\n            <\/svg>\r\n        <\/button>\r\n    <\/div>\r\n\r\n    <script>\r\n        document.addEventListener('DOMContentLoaded', function() {\r\n            const audio = document.getElementById('bgMusic');\r\n            const muteBtn = document.getElementById('muteBtn');\r\n            let isMuted = false;\r\n            let audioStarted = false;\r\n            \r\n            \/\/ Funci\u00f3n para iniciar el audio\r\n            function startAudio() {\r\n                if (audioStarted) return;\r\n                \r\n                audio.play()\r\n                    .then(() => {\r\n                        audioStarted = true;\r\n                        \/\/ Atenuar el bot\u00f3n despu\u00e9s de 5 segundos\r\n                        setTimeout(() => {\r\n                            if (!isMuted) muteBtn.style.opacity = '0.7';\r\n                        }, 5000);\r\n                    })\r\n                    .catch(error => {\r\n                        console.log('Reproducci\u00f3n autom\u00e1tica bloqueada:', error);\r\n                        muteBtn.style.opacity = '1';\r\n                        muteBtn.style.background = 'rgba(200, 60, 60, 0.9)';\r\n                    });\r\n            }\r\n            \r\n            \/\/ Intenta iniciar la reproducci\u00f3n autom\u00e1tica\r\n            startAudio();\r\n            \r\n            \/\/ Control del mute\r\n            muteBtn.addEventListener('click', function() {\r\n                if (!audioStarted) {\r\n                    startAudio();\r\n                    audio.muted = false;\r\n                    isMuted = false;\r\n                } else {\r\n                    isMuted = !isMuted;\r\n                    audio.muted = isMuted;\r\n                }\r\n                \r\n                \/\/ Actualizar apariencia del bot\u00f3n\r\n                if (isMuted) {\r\n                    muteBtn.classList.add('muted');\r\n                    muteBtn.innerHTML = `\r\n                        <svg xmlns=\"http:\/\/www.w3.org\/2000\/svg\" width=\"24\" height=\"24\" viewBox=\"0 0 24 24\" fill=\"none\" stroke=\"currentColor\" stroke-width=\"2\" stroke-linecap=\"round\" stroke-linejoin=\"round\">\r\n                            <polygon points=\"11 5 6 9 2 9 2 15 6 15 11 19 11 5\"><\/polygon>\r\n                            <line x1=\"1\" y1=\"1\" x2=\"23\" y2=\"23\"><\/line>\r\n                        <\/svg>\r\n                    `;\r\n                } else {\r\n                    muteBtn.classList.remove('muted');\r\n                    muteBtn.innerHTML = `\r\n                        <svg xmlns=\"http:\/\/www.w3.org\/2000\/svg\" width=\"24\" height=\"24\" viewBox=\"0 0 24 24\" fill=\"none\" stroke=\"currentColor\" stroke-width=\"2\" stroke-linecap=\"round\" stroke-linejoin=\"round\">\r\n                            <polygon points=\"11 5 6 9 2 9 2 15 6 15 11 19 11 5\"><\/polygon>\r\n                            <path d=\"M15.54 8.46a5 5 0 0 1 0 7.07\"><\/path>\r\n                            <path d=\"M19.07 4.93a10 10 0 0 1 0 14.14\"><\/path>\r\n                        <\/svg>\r\n                    `;\r\n                }\r\n                \r\n                \/\/ Hacer el bot\u00f3n visible al interactuar\r\n                muteBtn.style.opacity = '1';\r\n            });\r\n            \r\n            \/\/ Para dispositivos m\u00f3viles: iniciar con toque en cualquier lugar\r\n            document.addEventListener('touchstart', function initAudio() {\r\n                if (!audioStarted) startAudio();\r\n                document.removeEventListener('touchstart', initAudio);\r\n            });\r\n        });\r\n    <\/script>\r\n<\/body>\r\n<\/html>\t\t\t\t<\/div>\n\t\t\t\t<\/div>\n\t\t\t\t<div class=\"elementor-element elementor-element-ac43f4a exad-sticky-section-no exad-glass-effect-no elementor-widget elementor-widget-heading\" data-id=\"ac43f4a\" data-element_type=\"widget\" data-e-type=\"widget\" data-widget_type=\"heading.default\">\n\t\t\t\t<div class=\"elementor-widget-container\">\n\t\t\t\t\t<h6 class=\"elementor-heading-title elementor-size-default\">\u00a9 2025 All rights Reserved.<br> Editorial Ugivme\n\n<\/h6>\t\t\t\t<\/div>\n\t\t\t\t<\/div>\n\t\t\t\t<\/div>\n\t\t\t\t<\/div>\n\t\t<div class=\"elementor-element elementor-element-ebc120e e-flex e-con-boxed e-con e-parent\" data-id=\"ebc120e\" data-element_type=\"container\" data-e-type=\"container\">\n\t\t\t\t\t<div class=\"e-con-inner\">\n\t\t\t\t\t<\/div>\n\t\t\t\t<\/div>\n\t\t\t\t<\/div>\n\t\t","protected":false},"excerpt":{"rendered":"<p>Dr. Sergio Navarrete Pe\u00f1a Espejo del Alma Mujer (Shivti) de perfil, mirando a trav\u00e9s de una ventana empa\u00f1ada con reflejos distorsionados. Paisaje oto\u00f1al desenfocado (hojas ocres y amarillas). Luz c\u00e1lida de atardecer, expresi\u00f3n melanc\u00f3lica. Realismo pict\u00f3rico. Anterior Comprar Ebook Siguiente Reproductor de Audio Discreto \u00a9 2025 All rights Reserved. Editorial Ugivme<\/p>\n","protected":false},"author":1,"featured_media":4910,"parent":0,"menu_order":0,"comment_status":"closed","ping_status":"closed","template":"elementor_canvas","meta":{"om_disable_all_campaigns":false,"_monsterinsights_skip_tracking":false,"_monsterinsights_sitenote_active":false,"_monsterinsights_sitenote_note":"","_monsterinsights_sitenote_category":0,"_view_id":"","_cloudinary_featured_overwrite":false,"footnotes":""},"class_list":["post-4908","page","type-page","status-publish","has-post-thumbnail","hentry"],"aioseo_notices":[],"jetpack_sharing_enabled":true,"_links":{"self":[{"href":"https:\/\/invitemefy.com\/index.php\/wp-json\/wp\/v2\/pages\/4908","targetHints":{"allow":["GET"]}}],"collection":[{"href":"https:\/\/invitemefy.com\/index.php\/wp-json\/wp\/v2\/pages"}],"about":[{"href":"https:\/\/invitemefy.com\/index.php\/wp-json\/wp\/v2\/types\/page"}],"author":[{"embeddable":true,"href":"https:\/\/invitemefy.com\/index.php\/wp-json\/wp\/v2\/users\/1"}],"replies":[{"embeddable":true,"href":"https:\/\/invitemefy.com\/index.php\/wp-json\/wp\/v2\/comments?post=4908"}],"version-history":[{"count":32,"href":"https:\/\/invitemefy.com\/index.php\/wp-json\/wp\/v2\/pages\/4908\/revisions"}],"predecessor-version":[{"id":4959,"href":"https:\/\/invitemefy.com\/index.php\/wp-json\/wp\/v2\/pages\/4908\/revisions\/4959"}],"wp:featuredmedia":[{"embeddable":true,"href":"https:\/\/invitemefy.com\/index.php\/wp-json\/wp\/v2\/media\/4910"}],"wp:attachment":[{"href":"https:\/\/invitemefy.com\/index.php\/wp-json\/wp\/v2\/media?parent=4908"}],"curies":[{"name":"wp","href":"https:\/\/api.w.org\/{rel}","templated":true}]}}